{"id":13,"date":"2021-01-23T09:30:14","date_gmt":"2021-01-23T09:30:14","guid":{"rendered":"https:\/\/seventyfour.de\/?page_id=13"},"modified":"2026-05-06T06:46:55","modified_gmt":"2026-05-06T06:46:55","slug":"startseite","status":"publish","type":"page","link":"https:\/\/seventyfour.de\/","title":{"rendered":"Seventyfour or more HC Germany"},"content":{"rendered":"<div class=\"wp-block-image\">\n<figure class=\"aligncenter size-large\"><a href=\"https:\/\/seventyfour.de\/wp-content\/uploads\/2024\/01\/74-Gruppenbild-2023.jpg\" target=\"_blank\" rel=\"noopener noreferrer\"><img loading=\"lazy\" decoding=\"async\" width=\"1024\" height=\"682\" src=\"https:\/\/seventyfour.de\/wp-content\/uploads\/2024\/01\/74-Gruppenbild-2023-1024x682.jpg\" alt=\"\" class=\"wp-image-1386\" srcset=\"https:\/\/seventyfour.de\/wp-content\/uploads\/2024\/01\/74-Gruppenbild-2023-1024x682.jpg 1024w, https:\/\/seventyfour.de\/wp-content\/uploads\/2024\/01\/74-Gruppenbild-2023-300x200.jpg 300w, https:\/\/seventyfour.de\/wp-content\/uploads\/2024\/01\/74-Gruppenbild-2023-768x512.jpg 768w, https:\/\/seventyfour.de\/wp-content\/uploads\/2024\/01\/74-Gruppenbild-2023-1536x1024.jpg 1536w, https:\/\/seventyfour.de\/wp-content\/uploads\/2024\/01\/74-Gruppenbild-2023-450x300.jpg 450w, https:\/\/seventyfour.de\/wp-content\/uploads\/2024\/01\/74-Gruppenbild-2023.jpg 2000w\" sizes=\"auto, (max-width: 1024px) 100vw, 1024px\" \/><\/a><\/figure>\n<\/div>\n\n\n<p>Wir sind ein Harley-Davidson Club der seit 1991 in Erlangen besteht.<br>Unser Clubname und das Colour leiten sich von den HD-Motorengr\u00f6\u00dfen zur Zeit der Clubgr\u00fcndung in &#8222;cubic inches&#8220; ab. Wir fuhren damals Shovelheads mit 74 ci\/1200 ccm und 80 ci\/1340 ccm, also 74&#8243; or more!<\/p>\n\n\n\n<p>Unser Clubhaus ist der ehemalige Bahnhof in <a href=\"https:\/\/seventyfour.de\/?page_id=37\" data-type=\"page\" data-id=\"37\">Erlangen-Eltersdorf<\/a>.<br>Dort kannst Du uns jeden Donnerstag ab 19:30 Uhr antreffen.<\/p>\n\n\n\n<p>Wir unterst\u00fctzen seit vielen Jahren den <a href=\"http:\/\/toyrun.de\" data-type=\"link\" data-id=\"toyrun.de\" target=\"_blank\" rel=\"noreferrer noopener\">&#8222;Toy Run &#8211; Tr\u00e4ume f\u00fcr kranke Kinder Erlangen e.V.&#8220;<\/a> f\u00fcr Patienten der Kinder- und Jugendklinik Erlangen und deren Familien mit dem Erl\u00f6s unserer &#8222;After Toy Run Partys&#8220;.<\/p>\n\n\n\n<figure class=\"wp-block-image size-large\"><a href=\"https:\/\/seventyfour.de\/wp-content\/uploads\/2025\/07\/74-or-more-Toprocker-2025-06s-712x1024.jpg\"><img loading=\"lazy\" decoding=\"async\" width=\"712\" height=\"1024\" src=\"https:\/\/seventyfour.de\/wp-content\/uploads\/2025\/07\/74-or-more-Toprocker-2025-06s-712x1024.jpg\" alt=\"\" class=\"wp-image-1629\" srcset=\"https:\/\/seventyfour.de\/wp-content\/uploads\/2025\/07\/74-or-more-Toprocker-2025-06s-712x1024.jpg 712w, https:\/\/seventyfour.de\/wp-content\/uploads\/2025\/07\/74-or-more-Toprocker-2025-06s-208x300.jpg 208w, https:\/\/seventyfour.de\/wp-content\/uploads\/2025\/07\/74-or-more-Toprocker-2025-06s-768x1105.jpg 768w, https:\/\/seventyfour.de\/wp-content\/uploads\/2025\/07\/74-or-more-Toprocker-2025-06s-1067x1536.jpg 1067w, https:\/\/seventyfour.de\/wp-content\/uploads\/2025\/07\/74-or-more-Toprocker-2025-06s.jpg 1200w\" sizes=\"auto, (max-width: 712px) 100vw, 712px\" \/><\/a><\/figure>\n","protected":false},"excerpt":{"rendered":"<p>Wir sind ein Harley-Davidson Club der seit 1991 in Erlangen besteht.Unser Clubname und das Colour leiten sich von den HD-Motorengr\u00f6\u00dfen zur Zeit der Clubgr\u00fcndung in &#8222;cubic inches&#8220; ab. Wir fuhren damals Shovelheads mit 74 ci\/1200 ccm und 80 ci\/1340 ccm, &hellip; <a href=\"https:\/\/seventyfour.de\/\">Weiterlesen <span class=\"meta-nav\">&rarr;<\/span><\/a><\/p>\n","protected":false},"author":1,"featured_media":0,"parent":0,"menu_order":0,"comment_status":"closed","ping_status":"closed","template":"","meta":{"footnotes":""},"class_list":["post-13","page","type-page","status-publish","hentry"],"_links":{"self":[{"href":"https:\/\/seventyfour.de\/index.php?rest_route=\/wp\/v2\/pages\/13","targetHints":{"allow":["GET"]}}],"collection":[{"href":"https:\/\/seventyfour.de\/index.php?rest_route=\/wp\/v2\/pages"}],"about":[{"href":"https:\/\/seventyfour.de\/index.php?rest_route=\/wp\/v2\/types\/page"}],"author":[{"embeddable":true,"href":"https:\/\/seventyfour.de\/index.php?rest_route=\/wp\/v2\/users\/1"}],"replies":[{"embeddable":true,"href":"https:\/\/seventyfour.de\/index.php?rest_route=%2Fwp%2Fv2%2Fcomments&post=13"}],"version-history":[{"count":131,"href":"https:\/\/seventyfour.de\/index.php?rest_route=\/wp\/v2\/pages\/13\/revisions"}],"predecessor-version":[{"id":1680,"href":"https:\/\/seventyfour.de\/index.php?rest_route=\/wp\/v2\/pages\/13\/revisions\/1680"}],"wp:attachment":[{"href":"https:\/\/seventyfour.de\/index.php?rest_route=%2Fwp%2Fv2%2Fmedia&parent=13"}],"curies":[{"name":"wp","href":"https:\/\/api.w.org\/{rel}","templated":true}]}}