{"id":27,"date":"2020-02-04T16:17:55","date_gmt":"2020-02-04T16:17:55","guid":{"rendered":"https:\/\/seventyfour.de\/?page_id=27"},"modified":"2020-07-10T23:09:15","modified_gmt":"2020-07-10T23:09:15","slug":"impressum","status":"publish","type":"page","link":"https:\/\/seventyfour.de\/?page_id=27","title":{"rendered":"Impressum"},"content":{"rendered":"\n<p><strong>Angaben gem\u00e4\u00df \u00a7 5 TMG<\/strong><\/p>\n\n\n\n<p>Seventyfour or more e. V.<br> Bahnstra\u00dfe 8<br> D-91058 Erlangen<\/p>\n\n\n\n<p>Vereinsregister: ReNr 823360701648<br>\nRegistergericht: Register Gericht F\u00fcrth<\/p>\n\n\n\n<p><strong>Vertreten durch den Vorstand:<\/strong><br>\nG\u00fcnther Kratz<br>\nMichael Polz<\/p>\n\n\n\n<p><strong>Kontakt<\/strong><br>E-Mail: secretary@seventyfour.de<\/p>\n\n\n\n<p>Wir sind nicht bereit oder verpflichtet, an Streitbeilegungsverfahren vor\neiner Verbraucherschlichtungsstelle teilzunehmen.<\/p>\n\n\n\n<p><strong>Haftung f\u00fcr Inhalte<\/strong><\/p>\n\n\n\n<p>Als Diensteanbieter sind wir gem\u00e4\u00df \u00a7 7 Abs.1 TMG f\u00fcr eigene Inhalte auf\ndiesen Seiten nach den allgemeinen Gesetzen verantwortlich. Nach \u00a7\u00a7 8 bis 10\nTMG sind wir als Diensteanbieter jedoch nicht verpflichtet, \u00fcbermittelte oder\ngespeicherte fremde Informationen zu \u00fcberwachen oder nach Umst\u00e4nden zu\nforschen, die auf eine rechtswidrige T\u00e4tigkeit hinweisen.<\/p>\n\n\n\n<p>Verpflichtungen zur Entfernung oder Sperrung der Nutzung von Informationen\nnach den allgemeinen Gesetzen bleiben hiervon unber\u00fchrt. Eine diesbez\u00fcgliche\nHaftung ist jedoch erst ab dem Zeitpunkt der Kenntnis einer konkreten\nRechtsverletzung m\u00f6glich. Bei Bekanntwerden von entsprechenden\nRechtsverletzungen werden wir diese Inhalte umgehend entfernen.<\/p>\n\n\n\n<p><strong>Haftung f\u00fcr Links<\/strong><\/p>\n\n\n\n<p>Unser Angebot enth\u00e4lt Links zu externen Websites Dritter, auf deren Inhalte\nwir keinen Einfluss haben. Deshalb k\u00f6nnen wir f\u00fcr diese fremden Inhalte auch\nkeine Gew\u00e4hr \u00fcbernehmen. F\u00fcr die Inhalte der verlinkten Seiten ist stets der\njeweilige Anbieter oder Betreiber der Seiten verantwortlich. Die verlinkten\nSeiten wurden zum Zeitpunkt der Verlinkung auf m\u00f6gliche Rechtsverst\u00f6\u00dfe\n\u00fcberpr\u00fcft. Rechtswidrige Inhalte waren zum Zeitpunkt der Verlinkung nicht\nerkennbar.<\/p>\n\n\n\n<p>Eine permanente inhaltliche Kontrolle der verlinkten Seiten ist jedoch ohne\nkonkrete Anhaltspunkte einer Rechtsverletzung nicht zumutbar. Bei Bekanntwerden\nvon Rechtsverletzungen werden wir derartige Links umgehend entfernen.<\/p>\n\n\n\n<p><strong>Urheberrecht<\/strong><\/p>\n\n\n\n<p>Die durch die Seitenbetreiber erstellten Inhalte und Werke auf diesen\nSeiten unterliegen dem deutschen Urheberrecht. Die Vervielf\u00e4ltigung,\nBearbeitung, Verbreitung und jede Art der Verwertung au\u00dferhalb der Grenzen des\nUrheberrechtes bed\u00fcrfen der schriftlichen Zustimmung des jeweiligen Autors bzw.\nErstellers. Downloads und Kopien dieser Seite sind nur f\u00fcr den privaten, nicht\nkommerziellen Gebrauch gestattet.\n\nSoweit die Inhalte auf dieser\nSeite nicht vom Betreiber erstellt wurden, werden die Urheberrechte Dritter\nbeachtet. Insbesondere werden Inhalte Dritter als solche gekennzeichnet.\nSollten Sie trotzdem auf eine Urheberrechtsverletzung aufmerksam werden, bitten\nwir um einen entsprechenden Hinweis. Bei Bekanntwerden von Rechtsverletzungen\nwerden wir derartige Inhalte umgehend entfernen.\n\n\n\n<\/p>\n","protected":false},"excerpt":{"rendered":"<p>Angaben gem\u00e4\u00df \u00a7 5 TMG Seventyfour or more e. V. Bahnstra\u00dfe 8 D-91058 Erlangen Vereinsregister: ReNr 823360701648 Registergericht: Register Gericht F\u00fcrth Vertreten durch den Vorstand: G\u00fcnther Kratz Michael Polz KontaktE-Mail: secretary@seventyfour.de Wir sind nicht bereit oder verpflichtet, an Streitbeilegungsverfahren vor &hellip; <a href=\"https:\/\/seventyfour.de\/?page_id=27\">Weiterlesen <span class=\"meta-nav\">&rarr;<\/span><\/a><\/p>\n","protected":false},"author":1,"featured_media":0,"parent":0,"menu_order":0,"comment_status":"closed","ping_status":"closed","template":"","meta":{"footnotes":""},"class_list":["post-27","page","type-page","status-publish","hentry"],"_links":{"self":[{"href":"https:\/\/seventyfour.de\/index.php?rest_route=\/wp\/v2\/pages\/27","targetHints":{"allow":["GET"]}}],"collection":[{"href":"https:\/\/seventyfour.de\/index.php?rest_route=\/wp\/v2\/pages"}],"about":[{"href":"https:\/\/seventyfour.de\/index.php?rest_route=\/wp\/v2\/types\/page"}],"author":[{"embeddable":true,"href":"https:\/\/seventyfour.de\/index.php?rest_route=\/wp\/v2\/users\/1"}],"replies":[{"embeddable":true,"href":"https:\/\/seventyfour.de\/index.php?rest_route=%2Fwp%2Fv2%2Fcomments&post=27"}],"version-history":[{"count":4,"href":"https:\/\/seventyfour.de\/index.php?rest_route=\/wp\/v2\/pages\/27\/revisions"}],"predecessor-version":[{"id":549,"href":"https:\/\/seventyfour.de\/index.php?rest_route=\/wp\/v2\/pages\/27\/revisions\/549"}],"wp:attachment":[{"href":"https:\/\/seventyfour.de\/index.php?rest_route=%2Fwp%2Fv2%2Fmedia&parent=27"}],"curies":[{"name":"wp","href":"https:\/\/api.w.org\/{rel}","templated":true}]}}