{"id":560,"date":"2020-10-02T10:58:13","date_gmt":"2020-10-02T10:58:13","guid":{"rendered":"https:\/\/seventyfour.de\/?page_id=560"},"modified":"2020-10-02T20:52:19","modified_gmt":"2020-10-02T20:52:19","slug":"datenschutzinfo","status":"publish","type":"page","link":"https:\/\/seventyfour.de\/?page_id=560","title":{"rendered":"Datenschutzinfo"},"content":{"rendered":"\n<div class=\"wp-block-image\"><figure class=\"alignleft size-thumbnail\"><img loading=\"lazy\" decoding=\"async\" width=\"150\" height=\"150\" src=\"https:\/\/seventyfour.de\/wp-content\/uploads\/2020\/10\/camera-150x150.png\" alt=\"\" class=\"wp-image-561\" srcset=\"https:\/\/seventyfour.de\/wp-content\/uploads\/2020\/10\/camera-150x150.png 150w, https:\/\/seventyfour.de\/wp-content\/uploads\/2020\/10\/camera-300x300.png 300w, https:\/\/seventyfour.de\/wp-content\/uploads\/2020\/10\/camera.png 344w\" sizes=\"auto, (max-width: 150px) 100vw, 150px\" \/><\/figure><\/div>\n\n\n\n<p>Wir fertigen bei unseren Veranstaltung, Clubhausabenden und Ausfahrten Fotos an, die im Rahmen unserer \u00d6ffentlichkeitsarbeit auf unserer Website und in sozialen Medien ver\u00f6ffentlicht werden.<\/p>\n\n\n\n<p>Wenden Sie sich bitte an den Fotografen, wenn Sie entweder gar nicht oder in einer bestimmten Situation nicht fotografiert werden wollen. Sollten Sie bemerken, dass Sie dennoch versehentlich fotografiert wurden, dann ersuchen Sie bitte den Fotografen unverz\u00fcglich, Ihnen das Foto zu zeigen und sofort zu l\u00f6schen.<\/p>\n\n\n\n<hr class=\"wp-block-separator has-text-color has-background has-dark-gray-background-color has-dark-gray-color\"\/>\n\n\n\n<p class=\"has-text-align-center\"><strong>Datenschutzinformationen gem\u00e4\u00df Artikel 13 DSGVO \u00fcber die Anfertigung und Verwendung von Bildaufnahmen bei Veranstaltungen<\/strong><\/p>\n\n\n\n<p><strong>Stand: <\/strong>01.10.2020<\/p>\n\n\n\n<p><strong>Zweck der Verarbeitung<\/strong>: Anfertigung von Bildaufnahmen auf unseren Veranstaltungen sowie Verwendung im Rahmen der \u00d6ffentlichkeitsarbeit, um die jeweiligen Veranstaltungen zu dokumentieren, unsere diesbez\u00fcglichen Aktivit\u00e4ten darzustellen und auf diese Weise den Gesch\u00e4ftspartnern und anderen Organisationen und Personen, die an Aktivit\u00e4ten von uns interessiert sind, einen vertrauensbildenden und kundenorientierten Eindruck zu vermittelt und den Bekanntheitsgrad von Seventyfour or more e.V. zu erh\u00f6hen.<\/p>\n\n\n\n<p><strong>Rechtsgrundlage der Verarbeitung<\/strong>: \u00dcberwiegende berechtigte Interessen von Seventyfour or more e.V. &nbsp;unter Wahrung der Verh\u00e4ltnism\u00e4\u00dfigkeit gem\u00e4\u00df \u00a7 12 Abs. 2 Z 4 und \u00a7 12 Abs. 5 DSG, die sich aus dem Zweck der Verarbeitung ergeben und bei denen davon auszugehen ist, dass zum einen die Veranstaltungsteilnehmer die Anfertigung und Verwendung von Bildaufnahmen bei Veranstaltungen dieser Natur unter \u00fcblichen Umst\u00e4nden vern\u00fcnftigerweise erwarten k\u00f6nnen und annehmbar finden und zum anderen die Verarbeitung der Bildaufnahmen nicht in die Rechte und Freiheiten der abgebildeten Personen eingreift, sich f\u00fcr diese Personen keine nachteiligen Folgen ergeben und zudem die Verarbeitung im Einklang mit dem Datenschutzrecht und sonstigem Recht steht. Die Verarbeitung ist erforderlich, weil der angef\u00fchrte Zweck der \u00d6ffentlichkeitsarbeit nur durch die bildhafte Darstellung der Veranstaltung mit ihren Teilnehmern (darunter oftmals Personen des \u00f6ffentlichen Lebens) m\u00f6glich ist.<\/p>\n\n\n\n<p><strong>Kategorien von Empf\u00e4ngern<\/strong>: Die \u00d6ffentlichkeit durch Ver\u00f6ffentlichung der Bildaufnahmen auf unseren Websites, in sozialen Medien und in Printmedien.<\/p>\n\n\n\n<p><strong>\u00dcbermittlung in Drittl\u00e4nder<\/strong>: Bei der Ver\u00f6ffentlichung der Bildaufnahmen auf unseren Websiten, in sozialen Medien und in Printmedien kann nicht ausgeschlossen werden, dass ein Abruf aus Drittl\u00e4ndern erfolgt bzw. die Bildaufnahmen in Drittl\u00e4ndern bekannt werden.<\/p>\n\n\n\n<p><strong>Dauer der Datenspeicherung<\/strong>: Die Bildaufnahmen werden bis zum Ende des dritten Jahres nach der letzten Verwendung gespeichert, weil i.A. erst dann angenommen werden kann, dass sie f\u00fcr den Zweck der Verarbeitung nicht mehr erforderlich sind. Einzelne Bildaufnahmen, insbesondere solche mit Personen des \u00f6ffentlichen Lebens, k\u00f6nnen f\u00fcr Archivzwecke auch l\u00e4nger gespeichert werden. Eine einzelfallbezogene Pr\u00fcfung bei einem L\u00f6schungsbegehren bleibt davon unber\u00fchrt.<\/p>\n\n\n\n<p><strong>Betroffenenrechte<\/strong>: Sie haben das Recht auf Auskunft, L\u00f6schung, Einschr\u00e4nkung und Widerspruch unter den Voraussetzungen jeweiligen gesetzlichen Bestimmungen, insbesondere der DSGVO und des DSG. Zur Geltendmachung Ihrer Rechte m\u00fcssen Sie Informationen bereitstellen, die es erm\u00f6glichen, Sie auf den Bildaufnahmen zu identifizieren, da wir keine Namen und sonstigen Identifikationsdaten mit den Bildaufnahmen speichern.<\/p>\n\n\n\n<p>Das Recht auf L\u00f6schung k\u00f6nnen Sie bereits w\u00e4hrend der Veranstaltung wahrnehmen, indem Sie den Fotografen nach einer Aufnahme Ihrer Person, die Sie nicht wollen, unverz\u00fcglich ersuchen, Ihnen das Foto zu zeigen und sofort zu l\u00f6schen. Sie k\u00f6nnen die L\u00f6schung von Fotos, auf denen Sie abgebildet sind, auch nach der Veranstaltung verlangen und aus Gr\u00fcnden, die sich aus ihrer besonderen Situation ergeben, Widerspruch gegen die Verarbeitung einlegen.<\/p>\n\n\n\n<p>Sie haben kein Recht auf Berichtigung, weil die Bilder den Sachverhalt zum Zeitpunkt der Aufnahme wiedergeben und somit nicht \u201eunrichtig\u201c sein k\u00f6nnen. Sie haben kein Recht auf Daten\u00fcbertragbarkeit, weil die Bildaufnahmen nicht von Ihnen bereitgestellt wurden.<\/p>\n\n\n\n<p><strong>Beschwerderecht<\/strong>: Sie haben das Recht, sich bei einer Aufsichtsbeh\u00f6rde \u00fcber rechtswidrige Verarbeitungen personenbezogener Daten zu beschweren. In \u00d6sterreich ist die Datenschutzbeh\u00f6rde zust\u00e4ndig.<\/p>\n\n\n\n<p><\/p>\n","protected":false},"excerpt":{"rendered":"<p>Wir fertigen bei unseren Veranstaltung, Clubhausabenden und Ausfahrten Fotos an, die im Rahmen unserer \u00d6ffentlichkeitsarbeit auf unserer Website und in sozialen Medien ver\u00f6ffentlicht werden. Wenden Sie sich bitte an den Fotografen, wenn Sie entweder gar nicht oder in einer bestimmten &hellip; <a href=\"https:\/\/seventyfour.de\/?page_id=560\">Weiterlesen <span class=\"meta-nav\">&rarr;<\/span><\/a><\/p>\n","protected":false},"author":1,"featured_media":0,"parent":0,"menu_order":0,"comment_status":"closed","ping_status":"closed","template":"","meta":{"footnotes":""},"class_list":["post-560","page","type-page","status-publish","hentry"],"_links":{"self":[{"href":"https:\/\/seventyfour.de\/index.php?rest_route=\/wp\/v2\/pages\/560","targetHints":{"allow":["GET"]}}],"collection":[{"href":"https:\/\/seventyfour.de\/index.php?rest_route=\/wp\/v2\/pages"}],"about":[{"href":"https:\/\/seventyfour.de\/index.php?rest_route=\/wp\/v2\/types\/page"}],"author":[{"embeddable":true,"href":"https:\/\/seventyfour.de\/index.php?rest_route=\/wp\/v2\/users\/1"}],"replies":[{"embeddable":true,"href":"https:\/\/seventyfour.de\/index.php?rest_route=%2Fwp%2Fv2%2Fcomments&post=560"}],"version-history":[{"count":9,"href":"https:\/\/seventyfour.de\/index.php?rest_route=\/wp\/v2\/pages\/560\/revisions"}],"predecessor-version":[{"id":573,"href":"https:\/\/seventyfour.de\/index.php?rest_route=\/wp\/v2\/pages\/560\/revisions\/573"}],"wp:attachment":[{"href":"https:\/\/seventyfour.de\/index.php?rest_route=%2Fwp%2Fv2%2Fmedia&parent=560"}],"curies":[{"name":"wp","href":"https:\/\/api.w.org\/{rel}","templated":true}]}}